{"id":9806,"date":"2023-07-12T14:27:25","date_gmt":"2023-07-12T14:27:25","guid":{"rendered":"https:\/\/txellpatxotarquitectura.com\/index.php\/our-services-copy-2-copy\/"},"modified":"2024-12-10T03:07:29","modified_gmt":"2024-12-10T03:07:29","slug":"valores","status":"publish","type":"page","link":"https:\/\/txellpatxotarquitectura.com\/index.php\/valores\/","title":{"rendered":"Valores"},"content":{"rendered":"\t\t<div data-elementor-type=\"wp-page\" data-elementor-id=\"9806\" class=\"elementor elementor-9806\">\n\t\t\t\t<div class=\"elementor-element elementor-element-83e2653 elementor-hidden-desktop elementor-hidden-tablet e-flex e-con-boxed e-con e-parent\" data-id=\"83e2653\" data-element_type=\"container\" data-e-type=\"container\" data-settings=\"{&quot;background_background&quot;:&quot;classic&quot;}\">\n\t\t\t\t\t<div class=\"e-con-inner\">\n\t\t\t\t<div class=\"elementor-element elementor-element-5525d55 elementor-widget elementor-widget-heading\" data-id=\"5525d55\" data-element_type=\"widget\" data-e-type=\"widget\" data-widget_type=\"heading.default\">\n\t\t\t\t<div class=\"elementor-widget-container\">\n\t\t\t\t\t<h2 class=\"elementor-heading-title elementor-size-default\">Arquitectura con valores<\/h2>\t\t\t\t<\/div>\n\t\t\t\t<\/div>\n\t\t\t\t\t<\/div>\n\t\t\t\t<\/div>\n\t\t<div class=\"elementor-element elementor-element-c6bb3d0 elementor-hidden-desktop elementor-hidden-tablet e-flex e-con-boxed e-con e-parent\" data-id=\"c6bb3d0\" data-element_type=\"container\" data-e-type=\"container\">\n\t\t\t\t\t<div class=\"e-con-inner\">\n\t\t\t\t<div class=\"elementor-element elementor-element-4ac58fd elementor-widget elementor-widget-text-editor\" data-id=\"4ac58fd\" data-element_type=\"widget\" data-e-type=\"widget\" data-widget_type=\"text-editor.default\">\n\t\t\t\t<div class=\"elementor-widget-container\">\n\t\t\t\t\t\t\t\t\t<p>Tanto yo como mis colaboradores trabajamos bajo unos valores que nos definen:<\/p>\t\t\t\t\t\t\t\t<\/div>\n\t\t\t\t<\/div>\n\t\t\t\t<div class=\"elementor-element elementor-element-7cab9f3 elementor-widget elementor-widget-text-editor\" data-id=\"7cab9f3\" data-element_type=\"widget\" data-e-type=\"widget\" data-widget_type=\"text-editor.default\">\n\t\t\t\t<div class=\"elementor-widget-container\">\n\t\t\t\t\t\t\t\t\t<p>Innovadores<\/p><p>Honestos<\/p><p>Curiosos<\/p><p>Rigurosos<\/p><p>Cercanos<\/p><p>\u00a0<\/p>\t\t\t\t\t\t\t\t<\/div>\n\t\t\t\t<\/div>\n\t\t\t\t<div class=\"elementor-element elementor-element-48a6a5c elementor-absolute e-transform elementor-hidden-desktop elementor-hidden-tablet elementor-widget elementor-widget-text-editor\" data-id=\"48a6a5c\" data-element_type=\"widget\" data-e-type=\"widget\" data-settings=\"{&quot;_position&quot;:&quot;absolute&quot;,&quot;_transform_rotateZ_effect_mobile&quot;:{&quot;unit&quot;:&quot;deg&quot;,&quot;size&quot;:-90,&quot;sizes&quot;:[]},&quot;_transform_rotateZ_effect&quot;:{&quot;unit&quot;:&quot;px&quot;,&quot;size&quot;:&quot;&quot;,&quot;sizes&quot;:[]},&quot;_transform_rotateZ_effect_tablet&quot;:{&quot;unit&quot;:&quot;deg&quot;,&quot;size&quot;:&quot;&quot;,&quot;sizes&quot;:[]}}\" data-widget_type=\"text-editor.default\">\n\t\t\t\t<div class=\"elementor-widget-container\">\n\t\t\t\t\t\t\t\t\t<p>Valores<\/p>\t\t\t\t\t\t\t\t<\/div>\n\t\t\t\t<\/div>\n\t\t\t\t\t<\/div>\n\t\t\t\t<\/div>\n\t\t<div class=\"elementor-element elementor-element-550d7b1 elementor-hidden-desktop elementor-hidden-tablet e-flex e-con-boxed e-con e-parent\" data-id=\"550d7b1\" data-element_type=\"container\" data-e-type=\"container\" data-settings=\"{&quot;background_background&quot;:&quot;classic&quot;}\">\n\t\t\t\t\t<div class=\"e-con-inner\">\n\t\t\t\t<div class=\"elementor-element elementor-element-b648c64 elementor-widget elementor-widget-text-editor\" data-id=\"b648c64\" data-element_type=\"widget\" data-e-type=\"widget\" data-widget_type=\"text-editor.default\">\n\t\t\t\t<div class=\"elementor-widget-container\">\n\t\t\t\t\t\t\t\t\t<p>Y tenemos una misi\u00f3n que da sentido a nuestro trabajo:<\/p><p>Creamos espacios con el objetivo de contribuir al bienestar y al desarrollo pleno de las personas. Fusionamos su estilo de vida con nuestra experiencia profesional, a trav\u00e9s de un proceso que comienza por un estudio minucioso de sus necesidades, para crear un proyecto \u00fanico y personalizado, siguiendo con una ejecuci\u00f3n detallada del mismo, en un proceso de revisi\u00f3n y acompa\u00f1amiento constante, hasta llegar a la entrega de la obra en el plazo previsto, con la est\u00e9tica y el confort deseado.<\/p>\t\t\t\t\t\t\t\t<\/div>\n\t\t\t\t<\/div>\n\t\t\t\t<div class=\"elementor-element elementor-element-fc2e52a elementor-widget elementor-widget-image\" data-id=\"fc2e52a\" data-element_type=\"widget\" data-e-type=\"widget\" data-widget_type=\"image.default\">\n\t\t\t\t<div class=\"elementor-widget-container\">\n\t\t\t\t\t\t\t\t\t\t\t\t\t\t\t<img fetchpriority=\"high\" decoding=\"async\" width=\"520\" height=\"650\" src=\"https:\/\/txellpatxotarquitectura.com\/wp-content\/uploads\/2023\/07\/H3-1-520x650.png\" class=\"attachment-hiroshi_core_image_size_square size-hiroshi_core_image_size_square wp-image-9815\" alt=\"\" \/>\t\t\t\t\t\t\t\t\t\t\t\t\t\t\t<\/div>\n\t\t\t\t<\/div>\n\t\t\t\t\t<\/div>\n\t\t\t\t<\/div>\n\t\t<div class=\"elementor-element elementor-element-350861e e-con-full elementor-hidden-mobile e-flex e-con e-parent\" data-id=\"350861e\" data-element_type=\"container\" data-e-type=\"container\">\n\t\t<div class=\"elementor-element elementor-element-00bfe9a e-con-full elementor-hidden-mobile e-flex e-con e-child\" data-id=\"00bfe9a\" data-element_type=\"container\" data-e-type=\"container\" data-settings=\"{&quot;background_background&quot;:&quot;classic&quot;}\">\n\t\t\t\t<div class=\"elementor-element elementor-element-a0376fc elementor-widget elementor-widget-image\" data-id=\"a0376fc\" data-element_type=\"widget\" data-e-type=\"widget\" data-widget_type=\"image.default\">\n\t\t\t\t<div class=\"elementor-widget-container\">\n\t\t\t\t\t\t\t\t\t\t\t\t\t\t\t<img decoding=\"async\" width=\"207\" height=\"568\" src=\"https:\/\/txellpatxotarquitectura.com\/wp-content\/uploads\/2023\/08\/Arquitectura-con-valores.png\" class=\"attachment-large size-large wp-image-10938\" alt=\"\" srcset=\"https:\/\/txellpatxotarquitectura.com\/wp-content\/uploads\/2023\/08\/Arquitectura-con-valores.png 207w, https:\/\/txellpatxotarquitectura.com\/wp-content\/uploads\/2023\/08\/Arquitectura-con-valores-109x300.png 109w\" sizes=\"(max-width: 207px) 100vw, 207px\" \/>\t\t\t\t\t\t\t\t\t\t\t\t\t\t\t<\/div>\n\t\t\t\t<\/div>\n\t\t\t\t<div class=\"elementor-element elementor-element-bd1cc1c elementor-absolute e-transform elementor-widget elementor-widget-text-editor\" data-id=\"bd1cc1c\" data-element_type=\"widget\" data-e-type=\"widget\" data-settings=\"{&quot;_position&quot;:&quot;absolute&quot;,&quot;_transform_rotateZ_effect&quot;:{&quot;unit&quot;:&quot;px&quot;,&quot;size&quot;:-90,&quot;sizes&quot;:[]},&quot;_transform_rotateZ_effect_tablet&quot;:{&quot;unit&quot;:&quot;deg&quot;,&quot;size&quot;:&quot;&quot;,&quot;sizes&quot;:[]},&quot;_transform_rotateZ_effect_mobile&quot;:{&quot;unit&quot;:&quot;deg&quot;,&quot;size&quot;:&quot;&quot;,&quot;sizes&quot;:[]}}\" data-widget_type=\"text-editor.default\">\n\t\t\t\t<div class=\"elementor-widget-container\">\n\t\t\t\t\t\t\t\t\t<p>Valores<\/p>\t\t\t\t\t\t\t\t<\/div>\n\t\t\t\t<\/div>\n\t\t\t\t<\/div>\n\t\t<div class=\"elementor-element elementor-element-c2f48e0 e-con-full e-flex e-con e-child\" data-id=\"c2f48e0\" data-element_type=\"container\" data-e-type=\"container\">\n\t\t\t\t<div class=\"elementor-element elementor-element-83d1352 elementor-widget elementor-widget-text-editor\" data-id=\"83d1352\" data-element_type=\"widget\" data-e-type=\"widget\" data-widget_type=\"text-editor.default\">\n\t\t\t\t<div class=\"elementor-widget-container\">\n\t\t\t\t\t\t\t\t\t<p><strong>Tanto yo como mis colaboradores trabajamos bajo unos valores que nos definen:<\/strong><\/p><p>\u00a0<\/p><p>Innovadores<\/p><p>Honestos<\/p><p>Curiosos<\/p><p>Rigurosos<\/p><p>Cercanos<\/p>\t\t\t\t\t\t\t\t<\/div>\n\t\t\t\t<\/div>\n\t\t\t\t<\/div>\n\t\t\t\t<\/div>\n\t\t<div class=\"elementor-element elementor-element-8403495 e-con-full elementor-hidden-mobile e-flex e-con e-parent\" data-id=\"8403495\" data-element_type=\"container\" data-e-type=\"container\" data-settings=\"{&quot;background_background&quot;:&quot;classic&quot;}\">\n\t\t<div class=\"elementor-element elementor-element-52bfd13 e-con-full e-flex e-con e-child\" data-id=\"52bfd13\" data-element_type=\"container\" data-e-type=\"container\">\n\t\t\t\t<div class=\"elementor-element elementor-element-7ca851d elementor-widget elementor-widget-text-editor\" data-id=\"7ca851d\" data-element_type=\"widget\" data-e-type=\"widget\" data-widget_type=\"text-editor.default\">\n\t\t\t\t<div class=\"elementor-widget-container\">\n\t\t\t\t\t\t\t\t\t<p><strong>Y tenemos una misi\u00f3n que da sentido a nuestro trabajo:<\/strong><\/p><p>Creamos espacios con el objetivo de contribuir al bienestar y al desarrollo pleno de las personas. Fusionamos su estilo de vida con nuestra experiencia profesional, a trav\u00e9s de un proceso que comienza por un estudio minucioso de sus necesidades, para crear un proyecto \u00fanico y personalizado, siguiendo con una ejecuci\u00f3n detallada del mismo, en un proceso de revisi\u00f3n y acompa\u00f1amiento constante, hasta llegar a la entrega de la obra en el plazo previsto, con la est\u00e9tica y el confort deseado.<\/p>\t\t\t\t\t\t\t\t<\/div>\n\t\t\t\t<\/div>\n\t\t\t\t<\/div>\n\t\t<div class=\"elementor-element elementor-element-c6eb4bf e-con-full e-flex e-con e-child\" data-id=\"c6eb4bf\" data-element_type=\"container\" data-e-type=\"container\" data-settings=\"{&quot;background_background&quot;:&quot;classic&quot;}\">\n\t\t\t\t<\/div>\n\t\t\t\t<\/div>\n\t\t\t\t<section class=\"elementor-section elementor-top-section elementor-element elementor-element-b663b9e elementor-section-boxed elementor-section-height-default elementor-section-height-default qodef-elementor-content-no qodef-elementor-column-no\" data-id=\"b663b9e\" data-element_type=\"section\" data-e-type=\"section\" data-settings=\"{&quot;background_background&quot;:&quot;classic&quot;}\">\n\t\t\t\t\t\t<div class=\"elementor-container elementor-column-gap-default\">\n\t\t\t\t\t<div class=\"elementor-column elementor-col-100 elementor-top-column elementor-element elementor-element-8c540b0\" data-id=\"8c540b0\" data-element_type=\"column\" data-e-type=\"column\">\n\t\t\t<div class=\"elementor-widget-wrap\">\n\t\t\t\t\t\t\t<\/div>\n\t\t<\/div>\n\t\t\t\t\t<\/div>\n\t\t<\/section>\n\t\t\t\t<section class=\"elementor-section elementor-top-section elementor-element elementor-element-2252b67 elementor-section-boxed elementor-section-height-default elementor-section-height-default qodef-elementor-content-no qodef-elementor-column-no\" data-id=\"2252b67\" data-element_type=\"section\" data-e-type=\"section\">\n\t\t\t\t\t\t<div class=\"elementor-container elementor-column-gap-default\">\n\t\t\t\t\t<div class=\"elementor-column elementor-col-100 elementor-top-column elementor-element elementor-element-e0acf73\" data-id=\"e0acf73\" data-element_type=\"column\" data-e-type=\"column\">\n\t\t\t<div class=\"elementor-widget-wrap elementor-element-populated\">\n\t\t\t\t\t\t<div class=\"elementor-element elementor-element-77b119d elementor-widget elementor-widget-heading\" data-id=\"77b119d\" data-element_type=\"widget\" data-e-type=\"widget\" data-widget_type=\"heading.default\">\n\t\t\t\t<div class=\"elementor-widget-container\">\n\t\t\t\t\t<h3 class=\"elementor-heading-title elementor-size-default\">Proyectos relacionados<\/h3>\t\t\t\t<\/div>\n\t\t\t\t<\/div>\n\t\t\t\t\t<\/div>\n\t\t<\/div>\n\t\t\t\t\t<\/div>\n\t\t<\/section>\n\t\t\t\t<section class=\"elementor-section elementor-top-section elementor-element elementor-element-23314a0 elementor-section-boxed elementor-section-height-default elementor-section-height-default qodef-elementor-content-no qodef-elementor-column-no\" data-id=\"23314a0\" data-element_type=\"section\" data-e-type=\"section\">\n\t\t\t\t\t\t<div class=\"elementor-container elementor-column-gap-default\">\n\t\t\t\t\t<div class=\"elementor-column elementor-col-25 elementor-top-column elementor-element elementor-element-0e53b1e\" data-id=\"0e53b1e\" data-element_type=\"column\" data-e-type=\"column\">\n\t\t\t<div class=\"elementor-widget-wrap elementor-element-populated\">\n\t\t\t\t\t\t<div class=\"elementor-element elementor-element-9d0864b elementor-widget elementor-widget-hiroshi_core_single_image\" data-id=\"9d0864b\" data-element_type=\"widget\" data-e-type=\"widget\" data-widget_type=\"hiroshi_core_single_image.default\">\n\t\t\t\t<div class=\"elementor-widget-container\">\n\t\t\t\t\t<div class=\"qodef-shortcode qodef-m  qodef-single-image qodef-layout--default   \">\n\t\t\t<div class=\"qodef-m-image\">\n\t\t\t\t\t\t\t\t<img decoding=\"async\" width=\"297\" height=\"395\" src=\"https:\/\/txellpatxotarquitectura.com\/wp-content\/uploads\/2023\/07\/P4-2.png\" class=\"attachment-full size-full\" alt=\"\" srcset=\"https:\/\/txellpatxotarquitectura.com\/wp-content\/uploads\/2023\/07\/P4-2.png 297w, https:\/\/txellpatxotarquitectura.com\/wp-content\/uploads\/2023\/07\/P4-2-226x300.png 226w\" sizes=\"(max-width: 297px) 100vw, 297px\" \/>\t\t\t\t\t\t\t<\/div>\n\t<\/div>\n\t\t\t\t<\/div>\n\t\t\t\t<\/div>\n\t\t\t\t\t<\/div>\n\t\t<\/div>\n\t\t\t\t<div class=\"elementor-column elementor-col-25 elementor-top-column elementor-element elementor-element-4b016f7\" data-id=\"4b016f7\" data-element_type=\"column\" data-e-type=\"column\">\n\t\t\t<div class=\"elementor-widget-wrap elementor-element-populated\">\n\t\t\t\t\t\t<div class=\"elementor-element elementor-element-2337c26 elementor-widget elementor-widget-hiroshi_core_single_image\" data-id=\"2337c26\" data-element_type=\"widget\" data-e-type=\"widget\" data-widget_type=\"hiroshi_core_single_image.default\">\n\t\t\t\t<div class=\"elementor-widget-container\">\n\t\t\t\t\t<div class=\"qodef-shortcode qodef-m  qodef-single-image qodef-layout--default   \">\n\t\t\t<div class=\"qodef-m-image\">\n\t\t\t\t\t\t\t\t<img loading=\"lazy\" decoding=\"async\" width=\"297\" height=\"395\" src=\"https:\/\/txellpatxotarquitectura.com\/wp-content\/uploads\/2023\/07\/I2-3.png\" class=\"attachment-full size-full\" alt=\"\" srcset=\"https:\/\/txellpatxotarquitectura.com\/wp-content\/uploads\/2023\/07\/I2-3.png 297w, https:\/\/txellpatxotarquitectura.com\/wp-content\/uploads\/2023\/07\/I2-3-226x300.png 226w\" sizes=\"(max-width: 297px) 100vw, 297px\" \/>\t\t\t\t\t\t\t<\/div>\n\t<\/div>\n\t\t\t\t<\/div>\n\t\t\t\t<\/div>\n\t\t\t\t\t<\/div>\n\t\t<\/div>\n\t\t\t\t<div class=\"elementor-column elementor-col-25 elementor-top-column elementor-element elementor-element-eb717cf\" data-id=\"eb717cf\" data-element_type=\"column\" data-e-type=\"column\">\n\t\t\t<div class=\"elementor-widget-wrap elementor-element-populated\">\n\t\t\t\t\t\t<div class=\"elementor-element elementor-element-340ceef elementor-widget elementor-widget-hiroshi_core_single_image\" data-id=\"340ceef\" data-element_type=\"widget\" data-e-type=\"widget\" data-widget_type=\"hiroshi_core_single_image.default\">\n\t\t\t\t<div class=\"elementor-widget-container\">\n\t\t\t\t\t<div class=\"qodef-shortcode qodef-m  qodef-single-image qodef-layout--default   \">\n\t\t\t<div class=\"qodef-m-image\">\n\t\t\t\t\t\t\t\t<img loading=\"lazy\" decoding=\"async\" width=\"297\" height=\"395\" src=\"https:\/\/txellpatxotarquitectura.com\/wp-content\/uploads\/2023\/07\/P9-1.png\" class=\"attachment-full size-full\" alt=\"\" srcset=\"https:\/\/txellpatxotarquitectura.com\/wp-content\/uploads\/2023\/07\/P9-1.png 297w, https:\/\/txellpatxotarquitectura.com\/wp-content\/uploads\/2023\/07\/P9-1-226x300.png 226w\" sizes=\"(max-width: 297px) 100vw, 297px\" \/>\t\t\t\t\t\t\t<\/div>\n\t<\/div>\n\t\t\t\t<\/div>\n\t\t\t\t<\/div>\n\t\t\t\t\t<\/div>\n\t\t<\/div>\n\t\t\t\t<div class=\"elementor-column elementor-col-25 elementor-top-column elementor-element elementor-element-1d458a6\" data-id=\"1d458a6\" data-element_type=\"column\" data-e-type=\"column\">\n\t\t\t<div class=\"elementor-widget-wrap elementor-element-populated\">\n\t\t\t\t\t\t<div class=\"elementor-element elementor-element-a880f85 elementor-widget elementor-widget-hiroshi_core_single_image\" data-id=\"a880f85\" data-element_type=\"widget\" data-e-type=\"widget\" data-widget_type=\"hiroshi_core_single_image.default\">\n\t\t\t\t<div class=\"elementor-widget-container\">\n\t\t\t\t\t<div class=\"qodef-shortcode qodef-m  qodef-single-image qodef-layout--default   \">\n\t\t\t<div class=\"qodef-m-image\">\n\t\t\t\t\t\t\t\t<img loading=\"lazy\" decoding=\"async\" width=\"297\" height=\"395\" src=\"https:\/\/txellpatxotarquitectura.com\/wp-content\/uploads\/2023\/07\/Estar-4-1.png\" class=\"attachment-full size-full\" alt=\"\" srcset=\"https:\/\/txellpatxotarquitectura.com\/wp-content\/uploads\/2023\/07\/Estar-4-1.png 297w, https:\/\/txellpatxotarquitectura.com\/wp-content\/uploads\/2023\/07\/Estar-4-1-226x300.png 226w\" sizes=\"(max-width: 297px) 100vw, 297px\" \/>\t\t\t\t\t\t\t<\/div>\n\t<\/div>\n\t\t\t\t<\/div>\n\t\t\t\t<\/div>\n\t\t\t\t\t<\/div>\n\t\t<\/div>\n\t\t\t\t\t<\/div>\n\t\t<\/section>\n\t\t\t\t<\/div>\n\t\t","protected":false},"excerpt":{"rendered":"<p>Arquitectura con valores Tanto yo como mis colaboradores trabajamos bajo unos valores que nos definen: Innovadores Honestos Curiosos Rigurosos Cercanos \u00a0 Valores Y tenemos una misi\u00f3n que da sentido a nuestro trabajo: Creamos espacios con el objetivo de contribuir al bienestar y al desarrollo pleno de las personas. Fusionamos su estilo de vida con nuestra [&hellip;]<\/p>\n","protected":false},"author":1,"featured_media":0,"parent":0,"menu_order":0,"comment_status":"closed","ping_status":"closed","template":"page-full-width.php","meta":{"footnotes":""},"class_list":["post-9806","page","type-page","status-publish","hentry"],"yoast_head":"<!-- This site is optimized with the Yoast SEO plugin v27.3 - https:\/\/yoast.com\/product\/yoast-seo-wordpress\/ -->\n<title>Valores - Txell Patxot. Arquitectura y dise\u00f1o<\/title>\n<meta name=\"robots\" content=\"index, follow, max-snippet:-1, max-image-preview:large, max-video-preview:-1\" \/>\n<link rel=\"canonical\" href=\"https:\/\/txellpatxotarquitectura.com\/index.php\/valores\/\" \/>\n<meta property=\"og:locale\" content=\"es_ES\" \/>\n<meta property=\"og:type\" content=\"article\" \/>\n<meta property=\"og:title\" content=\"Valores - Txell Patxot. Arquitectura y dise\u00f1o\" \/>\n<meta property=\"og:description\" content=\"Arquitectura con valores Tanto yo como mis colaboradores trabajamos bajo unos valores que nos definen: Innovadores Honestos Curiosos Rigurosos Cercanos \u00a0 Valores Y tenemos una misi\u00f3n que da sentido a nuestro trabajo: Creamos espacios con el objetivo de contribuir al bienestar y al desarrollo pleno de las personas. Fusionamos su estilo de vida con nuestra [&hellip;]\" \/>\n<meta property=\"og:url\" content=\"https:\/\/txellpatxotarquitectura.com\/index.php\/valores\/\" \/>\n<meta property=\"og:site_name\" content=\"Txell Patxot. Arquitectura y dise\u00f1o\" \/>\n<meta property=\"article:modified_time\" content=\"2024-12-10T03:07:29+00:00\" \/>\n<meta property=\"og:image\" content=\"https:\/\/txellpatxotarquitectura.com\/wp-content\/uploads\/2023\/07\/H3-1-520x650.png\" \/>\n<meta name=\"twitter:card\" content=\"summary_large_image\" \/>\n<meta name=\"twitter:label1\" content=\"Tiempo de lectura\" \/>\n\t<meta name=\"twitter:data1\" content=\"3 minutos\" \/>\n<script type=\"application\/ld+json\" class=\"yoast-schema-graph\">{\"@context\":\"https:\\\/\\\/schema.org\",\"@graph\":[{\"@type\":\"WebPage\",\"@id\":\"https:\\\/\\\/txellpatxotarquitectura.com\\\/index.php\\\/valores\\\/\",\"url\":\"https:\\\/\\\/txellpatxotarquitectura.com\\\/index.php\\\/valores\\\/\",\"name\":\"Valores - Txell Patxot. Arquitectura y dise\u00f1o\",\"isPartOf\":{\"@id\":\"https:\\\/\\\/txellpatxotarquitectura.com\\\/#website\"},\"primaryImageOfPage\":{\"@id\":\"https:\\\/\\\/txellpatxotarquitectura.com\\\/index.php\\\/valores\\\/#primaryimage\"},\"image\":{\"@id\":\"https:\\\/\\\/txellpatxotarquitectura.com\\\/index.php\\\/valores\\\/#primaryimage\"},\"thumbnailUrl\":\"https:\\\/\\\/txellpatxotarquitectura.com\\\/wp-content\\\/uploads\\\/2023\\\/07\\\/H3-1-520x650.png\",\"datePublished\":\"2023-07-12T14:27:25+00:00\",\"dateModified\":\"2024-12-10T03:07:29+00:00\",\"breadcrumb\":{\"@id\":\"https:\\\/\\\/txellpatxotarquitectura.com\\\/index.php\\\/valores\\\/#breadcrumb\"},\"inLanguage\":\"es\",\"potentialAction\":[{\"@type\":\"ReadAction\",\"target\":[\"https:\\\/\\\/txellpatxotarquitectura.com\\\/index.php\\\/valores\\\/\"]}]},{\"@type\":\"ImageObject\",\"inLanguage\":\"es\",\"@id\":\"https:\\\/\\\/txellpatxotarquitectura.com\\\/index.php\\\/valores\\\/#primaryimage\",\"url\":\"https:\\\/\\\/txellpatxotarquitectura.com\\\/wp-content\\\/uploads\\\/2023\\\/07\\\/H3-1.png\",\"contentUrl\":\"https:\\\/\\\/txellpatxotarquitectura.com\\\/wp-content\\\/uploads\\\/2023\\\/07\\\/H3-1.png\",\"width\":520,\"height\":818},{\"@type\":\"BreadcrumbList\",\"@id\":\"https:\\\/\\\/txellpatxotarquitectura.com\\\/index.php\\\/valores\\\/#breadcrumb\",\"itemListElement\":[{\"@type\":\"ListItem\",\"position\":1,\"name\":\"Portada\",\"item\":\"https:\\\/\\\/txellpatxotarquitectura.com\\\/\"},{\"@type\":\"ListItem\",\"position\":2,\"name\":\"Valores\"}]},{\"@type\":\"WebSite\",\"@id\":\"https:\\\/\\\/txellpatxotarquitectura.com\\\/#website\",\"url\":\"https:\\\/\\\/txellpatxotarquitectura.com\\\/\",\"name\":\"Txell Patxot. Arquitectura y dise\u00f1o\",\"description\":\"\",\"potentialAction\":[{\"@type\":\"SearchAction\",\"target\":{\"@type\":\"EntryPoint\",\"urlTemplate\":\"https:\\\/\\\/txellpatxotarquitectura.com\\\/?s={search_term_string}\"},\"query-input\":{\"@type\":\"PropertyValueSpecification\",\"valueRequired\":true,\"valueName\":\"search_term_string\"}}],\"inLanguage\":\"es\"}]}<\/script>\n<!-- \/ Yoast SEO plugin. -->","yoast_head_json":{"title":"Valores - Txell Patxot. Arquitectura y dise\u00f1o","robots":{"index":"index","follow":"follow","max-snippet":"max-snippet:-1","max-image-preview":"max-image-preview:large","max-video-preview":"max-video-preview:-1"},"canonical":"https:\/\/txellpatxotarquitectura.com\/index.php\/valores\/","og_locale":"es_ES","og_type":"article","og_title":"Valores - Txell Patxot. Arquitectura y dise\u00f1o","og_description":"Arquitectura con valores Tanto yo como mis colaboradores trabajamos bajo unos valores que nos definen: Innovadores Honestos Curiosos Rigurosos Cercanos \u00a0 Valores Y tenemos una misi\u00f3n que da sentido a nuestro trabajo: Creamos espacios con el objetivo de contribuir al bienestar y al desarrollo pleno de las personas. Fusionamos su estilo de vida con nuestra [&hellip;]","og_url":"https:\/\/txellpatxotarquitectura.com\/index.php\/valores\/","og_site_name":"Txell Patxot. Arquitectura y dise\u00f1o","article_modified_time":"2024-12-10T03:07:29+00:00","og_image":[{"url":"https:\/\/txellpatxotarquitectura.com\/wp-content\/uploads\/2023\/07\/H3-1-520x650.png","type":"","width":"","height":""}],"twitter_card":"summary_large_image","twitter_misc":{"Tiempo de lectura":"3 minutos"},"schema":{"@context":"https:\/\/schema.org","@graph":[{"@type":"WebPage","@id":"https:\/\/txellpatxotarquitectura.com\/index.php\/valores\/","url":"https:\/\/txellpatxotarquitectura.com\/index.php\/valores\/","name":"Valores - Txell Patxot. Arquitectura y dise\u00f1o","isPartOf":{"@id":"https:\/\/txellpatxotarquitectura.com\/#website"},"primaryImageOfPage":{"@id":"https:\/\/txellpatxotarquitectura.com\/index.php\/valores\/#primaryimage"},"image":{"@id":"https:\/\/txellpatxotarquitectura.com\/index.php\/valores\/#primaryimage"},"thumbnailUrl":"https:\/\/txellpatxotarquitectura.com\/wp-content\/uploads\/2023\/07\/H3-1-520x650.png","datePublished":"2023-07-12T14:27:25+00:00","dateModified":"2024-12-10T03:07:29+00:00","breadcrumb":{"@id":"https:\/\/txellpatxotarquitectura.com\/index.php\/valores\/#breadcrumb"},"inLanguage":"es","potentialAction":[{"@type":"ReadAction","target":["https:\/\/txellpatxotarquitectura.com\/index.php\/valores\/"]}]},{"@type":"ImageObject","inLanguage":"es","@id":"https:\/\/txellpatxotarquitectura.com\/index.php\/valores\/#primaryimage","url":"https:\/\/txellpatxotarquitectura.com\/wp-content\/uploads\/2023\/07\/H3-1.png","contentUrl":"https:\/\/txellpatxotarquitectura.com\/wp-content\/uploads\/2023\/07\/H3-1.png","width":520,"height":818},{"@type":"BreadcrumbList","@id":"https:\/\/txellpatxotarquitectura.com\/index.php\/valores\/#breadcrumb","itemListElement":[{"@type":"ListItem","position":1,"name":"Portada","item":"https:\/\/txellpatxotarquitectura.com\/"},{"@type":"ListItem","position":2,"name":"Valores"}]},{"@type":"WebSite","@id":"https:\/\/txellpatxotarquitectura.com\/#website","url":"https:\/\/txellpatxotarquitectura.com\/","name":"Txell Patxot. Arquitectura y dise\u00f1o","description":"","potentialAction":[{"@type":"SearchAction","target":{"@type":"EntryPoint","urlTemplate":"https:\/\/txellpatxotarquitectura.com\/?s={search_term_string}"},"query-input":{"@type":"PropertyValueSpecification","valueRequired":true,"valueName":"search_term_string"}}],"inLanguage":"es"}]}},"_links":{"self":[{"href":"https:\/\/txellpatxotarquitectura.com\/index.php\/wp-json\/wp\/v2\/pages\/9806","targetHints":{"allow":["GET"]}}],"collection":[{"href":"https:\/\/txellpatxotarquitectura.com\/index.php\/wp-json\/wp\/v2\/pages"}],"about":[{"href":"https:\/\/txellpatxotarquitectura.com\/index.php\/wp-json\/wp\/v2\/types\/page"}],"author":[{"embeddable":true,"href":"https:\/\/txellpatxotarquitectura.com\/index.php\/wp-json\/wp\/v2\/users\/1"}],"replies":[{"embeddable":true,"href":"https:\/\/txellpatxotarquitectura.com\/index.php\/wp-json\/wp\/v2\/comments?post=9806"}],"version-history":[{"count":43,"href":"https:\/\/txellpatxotarquitectura.com\/index.php\/wp-json\/wp\/v2\/pages\/9806\/revisions"}],"predecessor-version":[{"id":11322,"href":"https:\/\/txellpatxotarquitectura.com\/index.php\/wp-json\/wp\/v2\/pages\/9806\/revisions\/11322"}],"wp:attachment":[{"href":"https:\/\/txellpatxotarquitectura.com\/index.php\/wp-json\/wp\/v2\/media?parent=9806"}],"curies":[{"name":"wp","href":"https:\/\/api.w.org\/{rel}","templated":true}]}}