{"id":9777,"date":"2023-07-12T10:19:15","date_gmt":"2023-07-12T10:19:15","guid":{"rendered":"https:\/\/txellpatxotarquitectura.com\/index.php\/our-services-copy\/"},"modified":"2024-12-10T03:07:31","modified_gmt":"2024-12-10T03:07:31","slug":"experiencia","status":"publish","type":"page","link":"https:\/\/txellpatxotarquitectura.com\/index.php\/experiencia\/","title":{"rendered":"Experiencia"},"content":{"rendered":"\t\t<div data-elementor-type=\"wp-page\" data-elementor-id=\"9777\" class=\"elementor elementor-9777\">\n\t\t\t\t<div class=\"elementor-element elementor-element-4f296d6 e-flex e-con-boxed e-con e-parent\" data-id=\"4f296d6\" data-element_type=\"container\" data-e-type=\"container\" data-settings=\"{&quot;background_background&quot;:&quot;classic&quot;}\">\n\t\t\t\t\t<div class=\"e-con-inner\">\n\t\t<div class=\"elementor-element elementor-element-75a1a67 e-con-full e-flex e-con e-child\" data-id=\"75a1a67\" data-element_type=\"container\" data-e-type=\"container\">\n\t\t\t\t<\/div>\n\t\t<div class=\"elementor-element elementor-element-2b0208c e-con-full e-flex e-con e-child\" data-id=\"2b0208c\" data-element_type=\"container\" data-e-type=\"container\">\n\t\t\t\t<div class=\"elementor-element elementor-element-1236b80 elementor-widget__width-initial elementor-widget elementor-widget-heading\" data-id=\"1236b80\" data-element_type=\"widget\" data-e-type=\"widget\" data-widget_type=\"heading.default\">\n\t\t\t\t<div class=\"elementor-widget-container\">\n\t\t\t\t\t<h2 class=\"elementor-heading-title elementor-size-default\">Hay cosas que  solo \nse aprenden trabajando<\/h2>\t\t\t\t<\/div>\n\t\t\t\t<\/div>\n\t\t\t\t<div class=\"elementor-element elementor-element-a5a416a elementor-widget elementor-widget-text-editor\" data-id=\"a5a416a\" data-element_type=\"widget\" data-e-type=\"widget\" data-widget_type=\"text-editor.default\">\n\t\t\t\t<div class=\"elementor-widget-container\">\n\t\t\t\t\t\t\t\t\t<p>Seg\u00fan el estilo de vida de cada persona creamos diferentes espacios y los integramos en un todo para que sean \u00fanicos y personalizados.<\/p>\t\t\t\t\t\t\t\t<\/div>\n\t\t\t\t<\/div>\n\t\t\t\t<\/div>\n\t\t\t\t\t<\/div>\n\t\t\t\t<\/div>\n\t\t<div class=\"elementor-element elementor-element-dae1b14 elementor-hidden-desktop elementor-hidden-tablet e-flex e-con-boxed e-con e-parent\" data-id=\"dae1b14\" data-element_type=\"container\" data-e-type=\"container\">\n\t\t\t\t\t<div class=\"e-con-inner\">\n\t\t\t\t<div class=\"elementor-element elementor-element-ca41bf1 elementor-hidden-desktop elementor-hidden-tablet elementor-widget elementor-widget-image\" data-id=\"ca41bf1\" data-element_type=\"widget\" data-e-type=\"widget\" data-widget_type=\"image.default\">\n\t\t\t\t<div class=\"elementor-widget-container\">\n\t\t\t\t\t\t\t\t\t\t\t\t\t\t\t<img fetchpriority=\"high\" decoding=\"async\" width=\"400\" height=\"348\" src=\"https:\/\/txellpatxotarquitectura.com\/wp-content\/uploads\/2023\/07\/IMG_20190717_092623_076-1.png\" class=\"attachment-large size-large wp-image-9782\" alt=\"\" srcset=\"https:\/\/txellpatxotarquitectura.com\/wp-content\/uploads\/2023\/07\/IMG_20190717_092623_076-1.png 400w, https:\/\/txellpatxotarquitectura.com\/wp-content\/uploads\/2023\/07\/IMG_20190717_092623_076-1-300x261.png 300w\" sizes=\"(max-width: 400px) 100vw, 400px\" \/>\t\t\t\t\t\t\t\t\t\t\t\t\t\t\t<\/div>\n\t\t\t\t<\/div>\n\t\t\t\t\t<\/div>\n\t\t\t\t<\/div>\n\t\t\t\t<section class=\"elementor-section elementor-top-section elementor-element elementor-element-c856e3c elementor-section-boxed elementor-section-height-default elementor-section-height-default qodef-elementor-content-no qodef-elementor-column-no\" data-id=\"c856e3c\" data-element_type=\"section\" data-e-type=\"section\" data-settings=\"{&quot;background_background&quot;:&quot;classic&quot;}\">\n\t\t\t\t\t\t<div class=\"elementor-container elementor-column-gap-default\">\n\t\t\t\t\t<div class=\"elementor-column elementor-col-25 elementor-top-column elementor-element elementor-element-86e5a05 elementor-hidden-mobile\" data-id=\"86e5a05\" data-element_type=\"column\" data-e-type=\"column\">\n\t\t\t<div class=\"elementor-widget-wrap elementor-element-populated\">\n\t\t\t\t\t\t<div class=\"elementor-element elementor-element-70e5567 elementor-widget__width-initial e-transform elementor-absolute elementor-widget elementor-widget-text-editor\" data-id=\"70e5567\" data-element_type=\"widget\" data-e-type=\"widget\" data-settings=\"{&quot;_transform_rotateZ_effect&quot;:{&quot;unit&quot;:&quot;px&quot;,&quot;size&quot;:-90,&quot;sizes&quot;:[]},&quot;_position&quot;:&quot;absolute&quot;,&quot;_transform_rotateZ_effect_tablet&quot;:{&quot;unit&quot;:&quot;deg&quot;,&quot;size&quot;:&quot;&quot;,&quot;sizes&quot;:[]},&quot;_transform_rotateZ_effect_mobile&quot;:{&quot;unit&quot;:&quot;deg&quot;,&quot;size&quot;:&quot;&quot;,&quot;sizes&quot;:[]}}\" data-widget_type=\"text-editor.default\">\n\t\t\t\t<div class=\"elementor-widget-container\">\n\t\t\t\t\t\t\t\t\t<p>Proyectos<\/p>\t\t\t\t\t\t\t\t<\/div>\n\t\t\t\t<\/div>\n\t\t\t\t\t<\/div>\n\t\t<\/div>\n\t\t\t\t<div class=\"elementor-column elementor-col-25 elementor-top-column elementor-element elementor-element-fecea53\" data-id=\"fecea53\" data-element_type=\"column\" data-e-type=\"column\">\n\t\t\t<div class=\"elementor-widget-wrap elementor-element-populated\">\n\t\t\t\t\t\t<div class=\"elementor-element elementor-element-1314d24 elementor-widget elementor-widget-text-editor\" data-id=\"1314d24\" data-element_type=\"widget\" data-e-type=\"widget\" data-widget_type=\"text-editor.default\">\n\t\t\t\t<div class=\"elementor-widget-container\">\n\t\t\t\t\t\t\t\t\t<p>Viviendas unifamiliares<\/p><p>Edificios plurifamiliares<\/p><p>Reformas de masias<\/p><p>Piscinas<\/p><p>Centros Educativos \u2013 Ense\u00f1anza<\/p>\t\t\t\t\t\t\t\t<\/div>\n\t\t\t\t<\/div>\n\t\t\t\t\t<\/div>\n\t\t<\/div>\n\t\t\t\t<div class=\"elementor-column elementor-col-25 elementor-top-column elementor-element elementor-element-dea24e4\" data-id=\"dea24e4\" data-element_type=\"column\" data-e-type=\"column\">\n\t\t\t<div class=\"elementor-widget-wrap elementor-element-populated\">\n\t\t\t\t\t\t<div class=\"elementor-element elementor-element-9026358 elementor-widget elementor-widget-text-editor\" data-id=\"9026358\" data-element_type=\"widget\" data-e-type=\"widget\" data-widget_type=\"text-editor.default\">\n\t\t\t\t<div class=\"elementor-widget-container\">\n\t\t\t\t\t\t\t\t\t<p>Centros asistenciales<\/p><p>Proyectos de urbanizaci\u00f3n<\/p><p>Todo tipo de legalizaciones, <br \/>reformas y rehabilitaciones.<\/p>\t\t\t\t\t\t\t\t<\/div>\n\t\t\t\t<\/div>\n\t\t\t\t\t<\/div>\n\t\t<\/div>\n\t\t\t\t<div class=\"elementor-column elementor-col-25 elementor-top-column elementor-element elementor-element-9136803\" data-id=\"9136803\" data-element_type=\"column\" data-e-type=\"column\">\n\t\t\t<div class=\"elementor-widget-wrap elementor-element-populated\">\n\t\t\t\t\t\t<div class=\"elementor-element elementor-element-42e0b27 elementor-hidden-mobile elementor-widget elementor-widget-hiroshi_core_single_image\" data-id=\"42e0b27\" data-element_type=\"widget\" data-e-type=\"widget\" data-widget_type=\"hiroshi_core_single_image.default\">\n\t\t\t\t<div class=\"elementor-widget-container\">\n\t\t\t\t\t<div class=\"qodef-shortcode qodef-m  qodef-single-image qodef-layout--default   \">\n\t\t\t<div class=\"qodef-m-image\">\n\t\t\t\t\t\t\t\t<img decoding=\"async\" width=\"400\" height=\"348\" src=\"https:\/\/txellpatxotarquitectura.com\/wp-content\/uploads\/2023\/07\/IMG_20190717_092623_076-1.png\" class=\"attachment-full size-full\" alt=\"\" srcset=\"https:\/\/txellpatxotarquitectura.com\/wp-content\/uploads\/2023\/07\/IMG_20190717_092623_076-1.png 400w, https:\/\/txellpatxotarquitectura.com\/wp-content\/uploads\/2023\/07\/IMG_20190717_092623_076-1-300x261.png 300w\" sizes=\"(max-width: 400px) 100vw, 400px\" \/>\t\t\t\t\t\t\t<\/div>\n\t<\/div>\n\t\t\t\t<\/div>\n\t\t\t\t<\/div>\n\t\t\t\t\t<\/div>\n\t\t<\/div>\n\t\t\t\t\t<\/div>\n\t\t<\/section>\n\t\t\t\t<section class=\"elementor-section elementor-top-section elementor-element elementor-element-2252b67 elementor-section-boxed elementor-section-height-default elementor-section-height-default qodef-elementor-content-no qodef-elementor-column-no\" data-id=\"2252b67\" data-element_type=\"section\" data-e-type=\"section\">\n\t\t\t\t\t\t<div class=\"elementor-container elementor-column-gap-default\">\n\t\t\t\t\t<div class=\"elementor-column elementor-col-100 elementor-top-column elementor-element elementor-element-e0acf73\" data-id=\"e0acf73\" data-element_type=\"column\" data-e-type=\"column\">\n\t\t\t<div class=\"elementor-widget-wrap elementor-element-populated\">\n\t\t\t\t\t\t<div class=\"elementor-element elementor-element-77b119d elementor-widget elementor-widget-heading\" data-id=\"77b119d\" data-element_type=\"widget\" data-e-type=\"widget\" data-widget_type=\"heading.default\">\n\t\t\t\t<div class=\"elementor-widget-container\">\n\t\t\t\t\t<h3 class=\"elementor-heading-title elementor-size-default\">Proyectos relacionados<\/h3>\t\t\t\t<\/div>\n\t\t\t\t<\/div>\n\t\t\t\t\t<\/div>\n\t\t<\/div>\n\t\t\t\t\t<\/div>\n\t\t<\/section>\n\t\t\t\t<section class=\"elementor-section elementor-top-section elementor-element elementor-element-23314a0 elementor-section-boxed elementor-section-height-default elementor-section-height-default qodef-elementor-content-no qodef-elementor-column-no\" data-id=\"23314a0\" data-element_type=\"section\" data-e-type=\"section\">\n\t\t\t\t\t\t<div class=\"elementor-container elementor-column-gap-default\">\n\t\t\t\t\t<div class=\"elementor-column elementor-col-25 elementor-top-column elementor-element elementor-element-0e53b1e\" data-id=\"0e53b1e\" data-element_type=\"column\" data-e-type=\"column\">\n\t\t\t<div class=\"elementor-widget-wrap elementor-element-populated\">\n\t\t\t\t\t\t<div class=\"elementor-element elementor-element-9d0864b elementor-widget elementor-widget-hiroshi_core_single_image\" data-id=\"9d0864b\" data-element_type=\"widget\" data-e-type=\"widget\" data-widget_type=\"hiroshi_core_single_image.default\">\n\t\t\t\t<div class=\"elementor-widget-container\">\n\t\t\t\t\t<div class=\"qodef-shortcode qodef-m  qodef-single-image qodef-layout--default   \">\n\t\t\t<div class=\"qodef-m-image\">\n\t\t\t\t\t\t\t<a itemprop=\"url\" href=\"https:\/\/txellpatxotarquitectura.com\/index.php\/portfolio-item\/piscinas\/\" target=\"_self\">\n\t\t\t\t\t\t\t\t\t\t<img decoding=\"async\" width=\"297\" height=\"395\" src=\"https:\/\/txellpatxotarquitectura.com\/wp-content\/uploads\/2023\/07\/P4-2.png\" class=\"attachment-full size-full\" alt=\"\" srcset=\"https:\/\/txellpatxotarquitectura.com\/wp-content\/uploads\/2023\/07\/P4-2.png 297w, https:\/\/txellpatxotarquitectura.com\/wp-content\/uploads\/2023\/07\/P4-2-226x300.png 226w\" sizes=\"(max-width: 297px) 100vw, 297px\" \/>\t\t\t\t\t\t\t\t\t<\/a>\n\t\t\t\t\t<\/div>\n\t<\/div>\n\t\t\t\t<\/div>\n\t\t\t\t<\/div>\n\t\t\t\t\t<\/div>\n\t\t<\/div>\n\t\t\t\t<div class=\"elementor-column elementor-col-25 elementor-top-column elementor-element elementor-element-4b016f7\" data-id=\"4b016f7\" data-element_type=\"column\" data-e-type=\"column\">\n\t\t\t<div class=\"elementor-widget-wrap elementor-element-populated\">\n\t\t\t\t\t\t<div class=\"elementor-element elementor-element-2337c26 elementor-widget elementor-widget-hiroshi_core_single_image\" data-id=\"2337c26\" data-element_type=\"widget\" data-e-type=\"widget\" data-widget_type=\"hiroshi_core_single_image.default\">\n\t\t\t\t<div class=\"elementor-widget-container\">\n\t\t\t\t\t<div class=\"qodef-shortcode qodef-m  qodef-single-image qodef-layout--default   \">\n\t\t\t<div class=\"qodef-m-image\">\n\t\t\t\t\t\t\t<a itemprop=\"url\" href=\"https:\/\/txellpatxotarquitectura.com\/index.php\/portfolio-item\/dos-viviendas-entre-medianeras-con-piscina\/\" target=\"_self\">\n\t\t\t\t\t\t\t\t\t\t<img loading=\"lazy\" decoding=\"async\" width=\"297\" height=\"395\" src=\"https:\/\/txellpatxotarquitectura.com\/wp-content\/uploads\/2023\/07\/I2-3.png\" class=\"attachment-full size-full\" alt=\"\" srcset=\"https:\/\/txellpatxotarquitectura.com\/wp-content\/uploads\/2023\/07\/I2-3.png 297w, https:\/\/txellpatxotarquitectura.com\/wp-content\/uploads\/2023\/07\/I2-3-226x300.png 226w\" sizes=\"(max-width: 297px) 100vw, 297px\" \/>\t\t\t\t\t\t\t\t\t<\/a>\n\t\t\t\t\t<\/div>\n\t<\/div>\n\t\t\t\t<\/div>\n\t\t\t\t<\/div>\n\t\t\t\t\t<\/div>\n\t\t<\/div>\n\t\t\t\t<div class=\"elementor-column elementor-col-25 elementor-top-column elementor-element elementor-element-eb717cf\" data-id=\"eb717cf\" data-element_type=\"column\" data-e-type=\"column\">\n\t\t\t<div class=\"elementor-widget-wrap elementor-element-populated\">\n\t\t\t\t\t\t<div class=\"elementor-element elementor-element-340ceef elementor-widget elementor-widget-hiroshi_core_single_image\" data-id=\"340ceef\" data-element_type=\"widget\" data-e-type=\"widget\" data-widget_type=\"hiroshi_core_single_image.default\">\n\t\t\t\t<div class=\"elementor-widget-container\">\n\t\t\t\t\t<div class=\"qodef-shortcode qodef-m  qodef-single-image qodef-layout--default   \">\n\t\t\t<div class=\"qodef-m-image\">\n\t\t\t\t\t\t\t<a itemprop=\"url\" href=\"https:\/\/txellpatxotarquitectura.com\/index.php\/portfolio-item\/vivienda-en-casco-antiguo\/\" target=\"_self\">\n\t\t\t\t\t\t\t\t\t\t<img loading=\"lazy\" decoding=\"async\" width=\"297\" height=\"395\" src=\"https:\/\/txellpatxotarquitectura.com\/wp-content\/uploads\/2023\/07\/P9-1.png\" class=\"attachment-full size-full\" alt=\"\" srcset=\"https:\/\/txellpatxotarquitectura.com\/wp-content\/uploads\/2023\/07\/P9-1.png 297w, https:\/\/txellpatxotarquitectura.com\/wp-content\/uploads\/2023\/07\/P9-1-226x300.png 226w\" sizes=\"(max-width: 297px) 100vw, 297px\" \/>\t\t\t\t\t\t\t\t\t<\/a>\n\t\t\t\t\t<\/div>\n\t<\/div>\n\t\t\t\t<\/div>\n\t\t\t\t<\/div>\n\t\t\t\t\t<\/div>\n\t\t<\/div>\n\t\t\t\t<div class=\"elementor-column elementor-col-25 elementor-top-column elementor-element elementor-element-1d458a6\" data-id=\"1d458a6\" data-element_type=\"column\" data-e-type=\"column\">\n\t\t\t<div class=\"elementor-widget-wrap elementor-element-populated\">\n\t\t\t\t\t\t<div class=\"elementor-element elementor-element-a880f85 elementor-widget elementor-widget-hiroshi_core_single_image\" data-id=\"a880f85\" data-element_type=\"widget\" data-e-type=\"widget\" data-widget_type=\"hiroshi_core_single_image.default\">\n\t\t\t\t<div class=\"elementor-widget-container\">\n\t\t\t\t\t<div class=\"qodef-shortcode qodef-m  qodef-single-image qodef-layout--default   \">\n\t\t\t<div class=\"qodef-m-image\">\n\t\t\t\t\t\t\t<a itemprop=\"url\" href=\"https:\/\/txellpatxotarquitectura.com\/index.php\/portfolio-item\/casa-unifamiliar\/\" target=\"_self\">\n\t\t\t\t\t\t\t\t\t\t<img loading=\"lazy\" decoding=\"async\" width=\"297\" height=\"395\" src=\"https:\/\/txellpatxotarquitectura.com\/wp-content\/uploads\/2023\/07\/Estar-4-1.png\" class=\"attachment-full size-full\" alt=\"\" srcset=\"https:\/\/txellpatxotarquitectura.com\/wp-content\/uploads\/2023\/07\/Estar-4-1.png 297w, https:\/\/txellpatxotarquitectura.com\/wp-content\/uploads\/2023\/07\/Estar-4-1-226x300.png 226w\" sizes=\"(max-width: 297px) 100vw, 297px\" \/>\t\t\t\t\t\t\t\t\t<\/a>\n\t\t\t\t\t<\/div>\n\t<\/div>\n\t\t\t\t<\/div>\n\t\t\t\t<\/div>\n\t\t\t\t\t<\/div>\n\t\t<\/div>\n\t\t\t\t\t<\/div>\n\t\t<\/section>\n\t\t\t\t<\/div>\n\t\t","protected":false},"excerpt":{"rendered":"<p>Hay cosas que solo se aprenden trabajando Seg\u00fan el estilo de vida de cada persona creamos diferentes espacios y los integramos en un todo para que sean \u00fanicos y personalizados. Proyectos Viviendas unifamiliares Edificios plurifamiliares Reformas de masias Piscinas Centros Educativos \u2013 Ense\u00f1anza Centros asistenciales \u0447\u0435\u0441\u0442\u043d\u044b\u0435 \u043a\u0430\u0437\u0438\u043d\u043e \u0441 \u0431\u044b\u0441\u0442\u0440\u044b\u043c\u0438 \u0432\u044b\u043f\u043b\u0430\u0442\u0430\u043c\u0438 \u0431\u0435\u0437\u0434\u0435\u043f\u043e\u0437\u0438\u0442\u043d\u044b\u0435 \u0431\u043e\u043d\u0443\u0441\u044b \u043a\u0430\u0437\u0438\u043d\u043e \u0438\u0433\u0440\u0430\u0442\u044c \u0432 [&hellip;]<\/p>\n","protected":false},"author":1,"featured_media":0,"parent":0,"menu_order":0,"comment_status":"closed","ping_status":"closed","template":"page-full-width.php","meta":{"footnotes":""},"class_list":["post-9777","page","type-page","status-publish","hentry"],"yoast_head":"<!-- This site is optimized with the Yoast SEO plugin v27.3 - https:\/\/yoast.com\/product\/yoast-seo-wordpress\/ -->\n<title>Experiencia - Txell Patxot. Arquitectura y dise\u00f1o<\/title>\n<meta name=\"robots\" content=\"index, follow, max-snippet:-1, max-image-preview:large, max-video-preview:-1\" \/>\n<link rel=\"canonical\" href=\"https:\/\/txellpatxotarquitectura.com\/index.php\/experiencia\/\" \/>\n<meta property=\"og:locale\" content=\"es_ES\" \/>\n<meta property=\"og:type\" content=\"article\" \/>\n<meta property=\"og:title\" content=\"Experiencia - Txell Patxot. Arquitectura y dise\u00f1o\" \/>\n<meta property=\"og:description\" content=\"Hay cosas que solo se aprenden trabajando Seg\u00fan el estilo de vida de cada persona creamos diferentes espacios y los integramos en un todo para que sean \u00fanicos y personalizados. Proyectos Viviendas unifamiliares Edificios plurifamiliares Reformas de masias Piscinas Centros Educativos \u2013 Ense\u00f1anza Centros asistenciales \u0447\u0435\u0441\u0442\u043d\u044b\u0435 \u043a\u0430\u0437\u0438\u043d\u043e \u0441 \u0431\u044b\u0441\u0442\u0440\u044b\u043c\u0438 \u0432\u044b\u043f\u043b\u0430\u0442\u0430\u043c\u0438 \u0431\u0435\u0437\u0434\u0435\u043f\u043e\u0437\u0438\u0442\u043d\u044b\u0435 \u0431\u043e\u043d\u0443\u0441\u044b \u043a\u0430\u0437\u0438\u043d\u043e \u0438\u0433\u0440\u0430\u0442\u044c \u0432 [&hellip;]\" \/>\n<meta property=\"og:url\" content=\"https:\/\/txellpatxotarquitectura.com\/index.php\/experiencia\/\" \/>\n<meta property=\"og:site_name\" content=\"Txell Patxot. Arquitectura y dise\u00f1o\" \/>\n<meta property=\"article:modified_time\" content=\"2024-12-10T03:07:31+00:00\" \/>\n<meta property=\"og:image\" content=\"https:\/\/txellpatxotarquitectura.com\/wp-content\/uploads\/2023\/07\/IMG_20190717_092623_076-1.png\" \/>\n<meta name=\"twitter:card\" content=\"summary_large_image\" \/>\n<meta name=\"twitter:label1\" content=\"Tiempo de lectura\" \/>\n\t<meta name=\"twitter:data1\" content=\"2 minutos\" \/>\n<script type=\"application\/ld+json\" class=\"yoast-schema-graph\">{\"@context\":\"https:\\\/\\\/schema.org\",\"@graph\":[{\"@type\":\"WebPage\",\"@id\":\"https:\\\/\\\/txellpatxotarquitectura.com\\\/index.php\\\/experiencia\\\/\",\"url\":\"https:\\\/\\\/txellpatxotarquitectura.com\\\/index.php\\\/experiencia\\\/\",\"name\":\"Experiencia - Txell Patxot. Arquitectura y dise\u00f1o\",\"isPartOf\":{\"@id\":\"https:\\\/\\\/txellpatxotarquitectura.com\\\/#website\"},\"primaryImageOfPage\":{\"@id\":\"https:\\\/\\\/txellpatxotarquitectura.com\\\/index.php\\\/experiencia\\\/#primaryimage\"},\"image\":{\"@id\":\"https:\\\/\\\/txellpatxotarquitectura.com\\\/index.php\\\/experiencia\\\/#primaryimage\"},\"thumbnailUrl\":\"https:\\\/\\\/txellpatxotarquitectura.com\\\/wp-content\\\/uploads\\\/2023\\\/07\\\/IMG_20190717_092623_076-1.png\",\"datePublished\":\"2023-07-12T10:19:15+00:00\",\"dateModified\":\"2024-12-10T03:07:31+00:00\",\"breadcrumb\":{\"@id\":\"https:\\\/\\\/txellpatxotarquitectura.com\\\/index.php\\\/experiencia\\\/#breadcrumb\"},\"inLanguage\":\"es\",\"potentialAction\":[{\"@type\":\"ReadAction\",\"target\":[\"https:\\\/\\\/txellpatxotarquitectura.com\\\/index.php\\\/experiencia\\\/\"]}]},{\"@type\":\"ImageObject\",\"inLanguage\":\"es\",\"@id\":\"https:\\\/\\\/txellpatxotarquitectura.com\\\/index.php\\\/experiencia\\\/#primaryimage\",\"url\":\"https:\\\/\\\/txellpatxotarquitectura.com\\\/wp-content\\\/uploads\\\/2023\\\/07\\\/IMG_20190717_092623_076-1.png\",\"contentUrl\":\"https:\\\/\\\/txellpatxotarquitectura.com\\\/wp-content\\\/uploads\\\/2023\\\/07\\\/IMG_20190717_092623_076-1.png\",\"width\":400,\"height\":348},{\"@type\":\"BreadcrumbList\",\"@id\":\"https:\\\/\\\/txellpatxotarquitectura.com\\\/index.php\\\/experiencia\\\/#breadcrumb\",\"itemListElement\":[{\"@type\":\"ListItem\",\"position\":1,\"name\":\"Portada\",\"item\":\"https:\\\/\\\/txellpatxotarquitectura.com\\\/\"},{\"@type\":\"ListItem\",\"position\":2,\"name\":\"Experiencia\"}]},{\"@type\":\"WebSite\",\"@id\":\"https:\\\/\\\/txellpatxotarquitectura.com\\\/#website\",\"url\":\"https:\\\/\\\/txellpatxotarquitectura.com\\\/\",\"name\":\"Txell Patxot. Arquitectura y dise\u00f1o\",\"description\":\"\",\"potentialAction\":[{\"@type\":\"SearchAction\",\"target\":{\"@type\":\"EntryPoint\",\"urlTemplate\":\"https:\\\/\\\/txellpatxotarquitectura.com\\\/?s={search_term_string}\"},\"query-input\":{\"@type\":\"PropertyValueSpecification\",\"valueRequired\":true,\"valueName\":\"search_term_string\"}}],\"inLanguage\":\"es\"}]}<\/script>\n<!-- \/ Yoast SEO plugin. -->","yoast_head_json":{"title":"Experiencia - Txell Patxot. Arquitectura y dise\u00f1o","robots":{"index":"index","follow":"follow","max-snippet":"max-snippet:-1","max-image-preview":"max-image-preview:large","max-video-preview":"max-video-preview:-1"},"canonical":"https:\/\/txellpatxotarquitectura.com\/index.php\/experiencia\/","og_locale":"es_ES","og_type":"article","og_title":"Experiencia - Txell Patxot. Arquitectura y dise\u00f1o","og_description":"Hay cosas que solo se aprenden trabajando Seg\u00fan el estilo de vida de cada persona creamos diferentes espacios y los integramos en un todo para que sean \u00fanicos y personalizados. Proyectos Viviendas unifamiliares Edificios plurifamiliares Reformas de masias Piscinas Centros Educativos \u2013 Ense\u00f1anza Centros asistenciales \u0447\u0435\u0441\u0442\u043d\u044b\u0435 \u043a\u0430\u0437\u0438\u043d\u043e \u0441 \u0431\u044b\u0441\u0442\u0440\u044b\u043c\u0438 \u0432\u044b\u043f\u043b\u0430\u0442\u0430\u043c\u0438 \u0431\u0435\u0437\u0434\u0435\u043f\u043e\u0437\u0438\u0442\u043d\u044b\u0435 \u0431\u043e\u043d\u0443\u0441\u044b \u043a\u0430\u0437\u0438\u043d\u043e \u0438\u0433\u0440\u0430\u0442\u044c \u0432 [&hellip;]","og_url":"https:\/\/txellpatxotarquitectura.com\/index.php\/experiencia\/","og_site_name":"Txell Patxot. Arquitectura y dise\u00f1o","article_modified_time":"2024-12-10T03:07:31+00:00","og_image":[{"url":"https:\/\/txellpatxotarquitectura.com\/wp-content\/uploads\/2023\/07\/IMG_20190717_092623_076-1.png","type":"","width":"","height":""}],"twitter_card":"summary_large_image","twitter_misc":{"Tiempo de lectura":"2 minutos"},"schema":{"@context":"https:\/\/schema.org","@graph":[{"@type":"WebPage","@id":"https:\/\/txellpatxotarquitectura.com\/index.php\/experiencia\/","url":"https:\/\/txellpatxotarquitectura.com\/index.php\/experiencia\/","name":"Experiencia - Txell Patxot. Arquitectura y dise\u00f1o","isPartOf":{"@id":"https:\/\/txellpatxotarquitectura.com\/#website"},"primaryImageOfPage":{"@id":"https:\/\/txellpatxotarquitectura.com\/index.php\/experiencia\/#primaryimage"},"image":{"@id":"https:\/\/txellpatxotarquitectura.com\/index.php\/experiencia\/#primaryimage"},"thumbnailUrl":"https:\/\/txellpatxotarquitectura.com\/wp-content\/uploads\/2023\/07\/IMG_20190717_092623_076-1.png","datePublished":"2023-07-12T10:19:15+00:00","dateModified":"2024-12-10T03:07:31+00:00","breadcrumb":{"@id":"https:\/\/txellpatxotarquitectura.com\/index.php\/experiencia\/#breadcrumb"},"inLanguage":"es","potentialAction":[{"@type":"ReadAction","target":["https:\/\/txellpatxotarquitectura.com\/index.php\/experiencia\/"]}]},{"@type":"ImageObject","inLanguage":"es","@id":"https:\/\/txellpatxotarquitectura.com\/index.php\/experiencia\/#primaryimage","url":"https:\/\/txellpatxotarquitectura.com\/wp-content\/uploads\/2023\/07\/IMG_20190717_092623_076-1.png","contentUrl":"https:\/\/txellpatxotarquitectura.com\/wp-content\/uploads\/2023\/07\/IMG_20190717_092623_076-1.png","width":400,"height":348},{"@type":"BreadcrumbList","@id":"https:\/\/txellpatxotarquitectura.com\/index.php\/experiencia\/#breadcrumb","itemListElement":[{"@type":"ListItem","position":1,"name":"Portada","item":"https:\/\/txellpatxotarquitectura.com\/"},{"@type":"ListItem","position":2,"name":"Experiencia"}]},{"@type":"WebSite","@id":"https:\/\/txellpatxotarquitectura.com\/#website","url":"https:\/\/txellpatxotarquitectura.com\/","name":"Txell Patxot. Arquitectura y dise\u00f1o","description":"","potentialAction":[{"@type":"SearchAction","target":{"@type":"EntryPoint","urlTemplate":"https:\/\/txellpatxotarquitectura.com\/?s={search_term_string}"},"query-input":{"@type":"PropertyValueSpecification","valueRequired":true,"valueName":"search_term_string"}}],"inLanguage":"es"}]}},"_links":{"self":[{"href":"https:\/\/txellpatxotarquitectura.com\/index.php\/wp-json\/wp\/v2\/pages\/9777","targetHints":{"allow":["GET"]}}],"collection":[{"href":"https:\/\/txellpatxotarquitectura.com\/index.php\/wp-json\/wp\/v2\/pages"}],"about":[{"href":"https:\/\/txellpatxotarquitectura.com\/index.php\/wp-json\/wp\/v2\/types\/page"}],"author":[{"embeddable":true,"href":"https:\/\/txellpatxotarquitectura.com\/index.php\/wp-json\/wp\/v2\/users\/1"}],"replies":[{"embeddable":true,"href":"https:\/\/txellpatxotarquitectura.com\/index.php\/wp-json\/wp\/v2\/comments?post=9777"}],"version-history":[{"count":43,"href":"https:\/\/txellpatxotarquitectura.com\/index.php\/wp-json\/wp\/v2\/pages\/9777\/revisions"}],"predecessor-version":[{"id":11324,"href":"https:\/\/txellpatxotarquitectura.com\/index.php\/wp-json\/wp\/v2\/pages\/9777\/revisions\/11324"}],"wp:attachment":[{"href":"https:\/\/txellpatxotarquitectura.com\/index.php\/wp-json\/wp\/v2\/media?parent=9777"}],"curies":[{"name":"wp","href":"https:\/\/api.w.org\/{rel}","templated":true}]}}